{"id":222,"date":"2017-12-01T19:59:51","date_gmt":"2017-12-01T18:59:51","guid":{"rendered":"http:\/\/www.dentisteknight.ca\/?page_id=222"},"modified":"2017-12-11T19:46:14","modified_gmt":"2017-12-11T18:46:14","slug":"about-us","status":"publish","type":"page","link":"https:\/\/www.dentisteknight.ca\/en\/about-us\/","title":{"rendered":"About Us"},"content":{"rendered":"<div class=\"wpb-content-wrapper\"><p>[vc_row css_animation=&#8221;&#8221; row_type=&#8221;row&#8221; use_row_as_full_screen_section=&#8221;no&#8221; type=&#8221;grid&#8221; angled_section=&#8221;no&#8221; text_align=&#8221;left&#8221; background_image=&#8221;149&#8243; background_image_as_pattern=&#8221;without_pattern&#8221; el_class=&#8221;bloc-half-top autozoom&#8221;][vc_column][vc_column_text]<\/p>\n<h1>About Us<\/h1>\n<p>[\/vc_column_text][\/vc_column][\/vc_row][vc_row css_animation=&#8221;&#8221; row_type=&#8221;row&#8221; use_row_as_full_screen_section=&#8221;no&#8221; type=&#8221;full_width&#8221; angled_section=&#8221;no&#8221; text_align=&#8221;left&#8221; background_image_as_pattern=&#8221;without_pattern&#8221; el_class=&#8221;bloc-half-bottom&#8221;][vc_column offset=&#8221;vc_col-md-6&#8243;][vc_column_text]<\/p>\n<h2>About Us<\/h2>\n<h4>Experience&#8230;<\/h4>\n<h3><strong><span class=\"typed\">A team concerned about<br \/>\nyour well being<\/span><\/strong><\/h3>\n<p>[\/vc_column_text][\/vc_column][vc_column offset=&#8221;vc_col-md-6&#8243;][vc_column_text]Whether you need basic or more extensive treatment, with more than 20 years of experience, Dr. Knight and her team will spare no effort to provide care that meets your expectations.[\/vc_column_text]<a  itemprop=\"url\" href=\"\/en\/contact-us\/\" target=\"_self\"  class=\"qbutton  default\" style=\"\">Make an appointment<\/a>[\/vc_column][\/vc_row]<\/p>\n<\/div>","protected":false},"excerpt":{"rendered":"<p>[vc_row css_animation=&#8221;&#8221; row_type=&#8221;row&#8221; use_row_as_full_screen_section=&#8221;no&#8221; type=&#8221;grid&#8221; angled_section=&#8221;no&#8221; text_align=&#8221;left&#8221; background_image=&#8221;149&#8243; background_image_as_pattern=&#8221;without_pattern&#8221; el_class=&#8221;bloc-half-top autozoom&#8221;][vc_column][vc_column_text] About Us [\/vc_column_text][\/vc_column][\/vc_row][vc_row css_animation=&#8221;&#8221; row_type=&#8221;row&#8221; use_row_as_full_screen_section=&#8221;no&#8221; type=&#8221;full_width&#8221; angled_section=&#8221;no&#8221; text_align=&#8221;left&#8221; background_image_as_pattern=&#8221;without_pattern&#8221; el_class=&#8221;bloc-half-bottom&#8221;][vc_column offset=&#8221;vc_col-md-6&#8243;][vc_column_text] About Us Experience&#8230; A team concerned about your well being [\/vc_column_text][\/vc_column][vc_column offset=&#8221;vc_col-md-6&#8243;][vc_column_text]Whether you need basic or more extensive treatment, with more than&#8230;<\/p>\n","protected":false},"author":1,"featured_media":0,"parent":0,"menu_order":0,"comment_status":"closed","ping_status":"closed","template":"full_width.php","meta":{"footnotes":""},"yoast_head":"<!-- This site is optimized with the Yoast SEO plugin v21.9.1 - https:\/\/yoast.com\/wordpress\/plugins\/seo\/ -->\n<title>About Us | Dentiste Knight<\/title>\n<meta name=\"robots\" content=\"index, follow, max-snippet:-1, max-image-preview:large, max-video-preview:-1\" \/>\n<link rel=\"canonical\" href=\"https:\/\/www.dentisteknight.ca\/en\/about-us\/\" \/>\n<meta property=\"og:locale\" content=\"en_US\" \/>\n<meta property=\"og:type\" content=\"article\" \/>\n<meta property=\"og:title\" content=\"About Us | Dentiste Knight\" \/>\n<meta property=\"og:description\" content=\"[vc_row css_animation=&#8221;&#8221; row_type=&#8221;row&#8221; use_row_as_full_screen_section=&#8221;no&#8221; type=&#8221;grid&#8221; angled_section=&#8221;no&#8221; text_align=&#8221;left&#8221; background_image=&#8221;149&#8243; background_image_as_pattern=&#8221;without_pattern&#8221; el_class=&#8221;bloc-half-top autozoom&#8221;][vc_column][vc_column_text] About Us [\/vc_column_text][\/vc_column][\/vc_row][vc_row css_animation=&#8221;&#8221; row_type=&#8221;row&#8221; use_row_as_full_screen_section=&#8221;no&#8221; type=&#8221;full_width&#8221; angled_section=&#8221;no&#8221; text_align=&#8221;left&#8221; background_image_as_pattern=&#8221;without_pattern&#8221; el_class=&#8221;bloc-half-bottom&#8221;][vc_column offset=&#8221;vc_col-md-6&#8243;][vc_column_text] About Us Experience&#8230; A team concerned about your well being [\/vc_column_text][\/vc_column][vc_column offset=&#8221;vc_col-md-6&#8243;][vc_column_text]Whether you need basic or more extensive treatment, with more than...\" \/>\n<meta property=\"og:url\" content=\"https:\/\/www.dentisteknight.ca\/en\/about-us\/\" \/>\n<meta property=\"og:site_name\" content=\"Dentiste Knight\" \/>\n<meta property=\"article:modified_time\" content=\"2017-12-11T18:46:14+00:00\" \/>\n<meta property=\"og:image\" content=\"http:\/\/www.dentisteknight.ca\/wp-content\/uploads\/2017\/11\/slide1.jpg\" \/>\n<meta name=\"twitter:card\" content=\"summary_large_image\" \/>\n<meta name=\"twitter:label1\" content=\"Est. reading time\" \/>\n\t<meta name=\"twitter:data1\" content=\"1 minute\" \/>\n<script type=\"application\/ld+json\" class=\"yoast-schema-graph\">{\"@context\":\"https:\/\/schema.org\",\"@graph\":[{\"@type\":\"WebPage\",\"@id\":\"https:\/\/www.dentisteknight.ca\/en\/about-us\/\",\"url\":\"https:\/\/www.dentisteknight.ca\/en\/about-us\/\",\"name\":\"About Us | Dentiste Knight\",\"isPartOf\":{\"@id\":\"https:\/\/www.dentisteknight.ca\/#website\"},\"datePublished\":\"2017-12-01T18:59:51+00:00\",\"dateModified\":\"2017-12-11T18:46:14+00:00\",\"breadcrumb\":{\"@id\":\"https:\/\/www.dentisteknight.ca\/en\/about-us\/#breadcrumb\"},\"inLanguage\":\"en-US\",\"potentialAction\":[{\"@type\":\"ReadAction\",\"target\":[\"https:\/\/www.dentisteknight.ca\/en\/about-us\/\"]}]},{\"@type\":\"BreadcrumbList\",\"@id\":\"https:\/\/www.dentisteknight.ca\/en\/about-us\/#breadcrumb\",\"itemListElement\":[{\"@type\":\"ListItem\",\"position\":1,\"name\":\"Home\",\"item\":\"https:\/\/www.dentisteknight.ca\/en\/\"},{\"@type\":\"ListItem\",\"position\":2,\"name\":\"About Us\"}]},{\"@type\":\"WebSite\",\"@id\":\"https:\/\/www.dentisteknight.ca\/#website\",\"url\":\"https:\/\/www.dentisteknight.ca\/\",\"name\":\"Dentiste Knight\",\"description\":\"Dentisterie g\u00e9n\u00e9rale et esth\u00e9tique au microscope\",\"potentialAction\":[{\"@type\":\"SearchAction\",\"target\":{\"@type\":\"EntryPoint\",\"urlTemplate\":\"https:\/\/www.dentisteknight.ca\/?s={search_term_string}\"},\"query-input\":\"required name=search_term_string\"}],\"inLanguage\":\"en-US\"}]}<\/script>\n<!-- \/ Yoast SEO plugin. -->","yoast_head_json":{"title":"About Us | Dentiste Knight","robots":{"index":"index","follow":"follow","max-snippet":"max-snippet:-1","max-image-preview":"max-image-preview:large","max-video-preview":"max-video-preview:-1"},"canonical":"https:\/\/www.dentisteknight.ca\/en\/about-us\/","og_locale":"en_US","og_type":"article","og_title":"About Us | Dentiste Knight","og_description":"[vc_row css_animation=&#8221;&#8221; row_type=&#8221;row&#8221; use_row_as_full_screen_section=&#8221;no&#8221; type=&#8221;grid&#8221; angled_section=&#8221;no&#8221; text_align=&#8221;left&#8221; background_image=&#8221;149&#8243; background_image_as_pattern=&#8221;without_pattern&#8221; el_class=&#8221;bloc-half-top autozoom&#8221;][vc_column][vc_column_text] About Us [\/vc_column_text][\/vc_column][\/vc_row][vc_row css_animation=&#8221;&#8221; row_type=&#8221;row&#8221; use_row_as_full_screen_section=&#8221;no&#8221; type=&#8221;full_width&#8221; angled_section=&#8221;no&#8221; text_align=&#8221;left&#8221; background_image_as_pattern=&#8221;without_pattern&#8221; el_class=&#8221;bloc-half-bottom&#8221;][vc_column offset=&#8221;vc_col-md-6&#8243;][vc_column_text] About Us Experience&#8230; A team concerned about your well being [\/vc_column_text][\/vc_column][vc_column offset=&#8221;vc_col-md-6&#8243;][vc_column_text]Whether you need basic or more extensive treatment, with more than...","og_url":"https:\/\/www.dentisteknight.ca\/en\/about-us\/","og_site_name":"Dentiste Knight","article_modified_time":"2017-12-11T18:46:14+00:00","og_image":[{"url":"http:\/\/www.dentisteknight.ca\/wp-content\/uploads\/2017\/11\/slide1.jpg"}],"twitter_card":"summary_large_image","twitter_misc":{"Est. reading time":"1 minute"},"schema":{"@context":"https:\/\/schema.org","@graph":[{"@type":"WebPage","@id":"https:\/\/www.dentisteknight.ca\/en\/about-us\/","url":"https:\/\/www.dentisteknight.ca\/en\/about-us\/","name":"About Us | Dentiste Knight","isPartOf":{"@id":"https:\/\/www.dentisteknight.ca\/#website"},"datePublished":"2017-12-01T18:59:51+00:00","dateModified":"2017-12-11T18:46:14+00:00","breadcrumb":{"@id":"https:\/\/www.dentisteknight.ca\/en\/about-us\/#breadcrumb"},"inLanguage":"en-US","potentialAction":[{"@type":"ReadAction","target":["https:\/\/www.dentisteknight.ca\/en\/about-us\/"]}]},{"@type":"BreadcrumbList","@id":"https:\/\/www.dentisteknight.ca\/en\/about-us\/#breadcrumb","itemListElement":[{"@type":"ListItem","position":1,"name":"Home","item":"https:\/\/www.dentisteknight.ca\/en\/"},{"@type":"ListItem","position":2,"name":"About Us"}]},{"@type":"WebSite","@id":"https:\/\/www.dentisteknight.ca\/#website","url":"https:\/\/www.dentisteknight.ca\/","name":"Dentiste Knight","description":"Dentisterie g\u00e9n\u00e9rale et esth\u00e9tique au microscope","potentialAction":[{"@type":"SearchAction","target":{"@type":"EntryPoint","urlTemplate":"https:\/\/www.dentisteknight.ca\/?s={search_term_string}"},"query-input":"required name=search_term_string"}],"inLanguage":"en-US"}]}},"_links":{"self":[{"href":"https:\/\/www.dentisteknight.ca\/en\/wp-json\/wp\/v2\/pages\/222"}],"collection":[{"href":"https:\/\/www.dentisteknight.ca\/en\/wp-json\/wp\/v2\/pages"}],"about":[{"href":"https:\/\/www.dentisteknight.ca\/en\/wp-json\/wp\/v2\/types\/page"}],"author":[{"embeddable":true,"href":"https:\/\/www.dentisteknight.ca\/en\/wp-json\/wp\/v2\/users\/1"}],"replies":[{"embeddable":true,"href":"https:\/\/www.dentisteknight.ca\/en\/wp-json\/wp\/v2\/comments?post=222"}],"version-history":[{"count":7,"href":"https:\/\/www.dentisteknight.ca\/en\/wp-json\/wp\/v2\/pages\/222\/revisions"}],"predecessor-version":[{"id":383,"href":"https:\/\/www.dentisteknight.ca\/en\/wp-json\/wp\/v2\/pages\/222\/revisions\/383"}],"wp:attachment":[{"href":"https:\/\/www.dentisteknight.ca\/en\/wp-json\/wp\/v2\/media?parent=222"}],"curies":[{"name":"wp","href":"https:\/\/api.w.org\/{rel}","templated":true}]}}