{"id":242,"date":"2017-12-01T21:53:04","date_gmt":"2017-12-01T20:53:04","guid":{"rendered":"http:\/\/www.dentisteknight.ca\/?page_id=242"},"modified":"2017-12-02T00:22:46","modified_gmt":"2017-12-01T23:22:46","slug":"gum-care","status":"publish","type":"page","link":"https:\/\/www.dentisteknight.ca\/en\/gum-care\/","title":{"rendered":"Gum care"},"content":{"rendered":"<div class=\"wpb-content-wrapper\"><p>[vc_row css_animation=&#8221;&#8221; row_type=&#8221;row&#8221; use_row_as_full_screen_section=&#8221;no&#8221; type=&#8221;full_width&#8221; angled_section=&#8221;no&#8221; text_align=&#8221;left&#8221; video=&#8221;show_video&#8221; video_webm=&#8221;\/wp-content\/uploads\/2017\/12\/video-bg1.webm&#8221; video_mp4=&#8221;\/wp-content\/uploads\/2017\/12\/video-bg1.mp4&#8243; video_ogv=&#8221;\/wp-content\/uploads\/2017\/12\/video-bg1.ogv&#8221; video_image=&#8221;285&#8243; background_image_as_pattern=&#8221;without_pattern&#8221; el_class=&#8221;border-side single-bloc-alt&#8221;][vc_column el_class=&#8221;single-bloc-alt-top&#8221;][vc_column_text]<\/p>\n<div class=\"page-title\">\n<h1>Gum care<\/h1>\n<\/div>\n<p>[\/vc_column_text][\/vc_column][vc_column el_class=&#8221;single-bloc-alt-middle&#8221;][vc_column_text]Healthy gums provide stability for your teeth. Specific treatments may be necessary to maintain gum stability.[\/vc_column_text][\/vc_column][vc_column width=&#8221;1\/2&#8243; el_class=&#8221;single-bloc-alt-left&#8221;][vc_column_text]<\/p>\n<div class=\"single-bloc-alt-box\">\n<h4>Gingival graft<\/h4>\n<p class=\"single-bloc-alt-box-img\"><img loading=\"lazy\" decoding=\"async\" class=\"alignnone size-full wp-image-137\" src=\"http:\/\/www.dentisteknight.ca\/wp-content\/uploads\/2017\/11\/gencives-1.jpg\" alt=\"\" width=\"233\" height=\"233\" srcset=\"https:\/\/www.dentisteknight.ca\/wp-content\/uploads\/2017\/11\/gencives-1.jpg 233w, https:\/\/www.dentisteknight.ca\/wp-content\/uploads\/2017\/11\/gencives-1-150x150.jpg 150w\" sizes=\"(max-width: 233px) 100vw, 233px\" \/><\/p>\n<p>Gum tissue grafts are often a good choice. This type of graft is done without taking a graft from the palate.<\/p>\n<\/div>\n<p>[\/vc_column_text][\/vc_column][vc_column width=&#8221;1\/2&#8243; el_class=&#8221;single-bloc-alt-right&#8221;][vc_column_text]<\/p>\n<div class=\"single-bloc-alt-box\">\n<h4>Laser treatment<\/h4>\n<p class=\"single-bloc-alt-box-img\"><img loading=\"lazy\" decoding=\"async\" class=\"alignnone size-full wp-image-138\" src=\"http:\/\/www.dentisteknight.ca\/wp-content\/uploads\/2017\/11\/gencives-2.jpg\" alt=\"\" width=\"233\" height=\"233\" srcset=\"https:\/\/www.dentisteknight.ca\/wp-content\/uploads\/2017\/11\/gencives-2.jpg 233w, https:\/\/www.dentisteknight.ca\/wp-content\/uploads\/2017\/11\/gencives-2-150x150.jpg 150w\" sizes=\"(max-width: 233px) 100vw, 233px\" \/><\/p>\n<p>Reduces gum inflammation.<\/p>\n<\/div>\n<p>[\/vc_column_text][\/vc_column][\/vc_row]<\/p>\n<\/div>","protected":false},"excerpt":{"rendered":"<p>[vc_row css_animation=&#8221;&#8221; row_type=&#8221;row&#8221; use_row_as_full_screen_section=&#8221;no&#8221; type=&#8221;full_width&#8221; angled_section=&#8221;no&#8221; text_align=&#8221;left&#8221; video=&#8221;show_video&#8221; video_webm=&#8221;\/wp-content\/uploads\/2017\/12\/video-bg1.webm&#8221; video_mp4=&#8221;\/wp-content\/uploads\/2017\/12\/video-bg1.mp4&#8243; video_ogv=&#8221;\/wp-content\/uploads\/2017\/12\/video-bg1.ogv&#8221; video_image=&#8221;285&#8243; background_image_as_pattern=&#8221;without_pattern&#8221; el_class=&#8221;border-side single-bloc-alt&#8221;][vc_column el_class=&#8221;single-bloc-alt-top&#8221;][vc_column_text] Gum care [\/vc_column_text][\/vc_column][vc_column el_class=&#8221;single-bloc-alt-middle&#8221;][vc_column_text]Healthy gums provide stability for your teeth. Specific treatments may be necessary to maintain gum stability.[\/vc_column_text][\/vc_column][vc_column width=&#8221;1\/2&#8243; el_class=&#8221;single-bloc-alt-left&#8221;][vc_column_text] Gingival graft Gum tissue grafts are often a&#8230;<\/p>\n","protected":false},"author":1,"featured_media":0,"parent":0,"menu_order":0,"comment_status":"closed","ping_status":"closed","template":"full_width.php","meta":{"footnotes":""},"yoast_head":"<!-- This site is optimized with the Yoast SEO plugin v21.9.1 - https:\/\/yoast.com\/wordpress\/plugins\/seo\/ -->\n<title>Gum care | Dentiste Knight<\/title>\n<meta name=\"robots\" content=\"index, follow, max-snippet:-1, max-image-preview:large, max-video-preview:-1\" \/>\n<link rel=\"canonical\" href=\"https:\/\/www.dentisteknight.ca\/en\/gum-care\/\" \/>\n<meta property=\"og:locale\" content=\"en_US\" \/>\n<meta property=\"og:type\" content=\"article\" \/>\n<meta property=\"og:title\" content=\"Gum care | Dentiste Knight\" \/>\n<meta property=\"og:description\" content=\"[vc_row css_animation=&#8221;&#8221; row_type=&#8221;row&#8221; use_row_as_full_screen_section=&#8221;no&#8221; type=&#8221;full_width&#8221; angled_section=&#8221;no&#8221; text_align=&#8221;left&#8221; video=&#8221;show_video&#8221; video_webm=&#8221;\/wp-content\/uploads\/2017\/12\/video-bg1.webm&#8221; video_mp4=&#8221;\/wp-content\/uploads\/2017\/12\/video-bg1.mp4&#8243; video_ogv=&#8221;\/wp-content\/uploads\/2017\/12\/video-bg1.ogv&#8221; video_image=&#8221;285&#8243; background_image_as_pattern=&#8221;without_pattern&#8221; el_class=&#8221;border-side single-bloc-alt&#8221;][vc_column el_class=&#8221;single-bloc-alt-top&#8221;][vc_column_text] Gum care [\/vc_column_text][\/vc_column][vc_column el_class=&#8221;single-bloc-alt-middle&#8221;][vc_column_text]Healthy gums provide stability for your teeth. Specific treatments may be necessary to maintain gum stability.[\/vc_column_text][\/vc_column][vc_column width=&#8221;1\/2&#8243; el_class=&#8221;single-bloc-alt-left&#8221;][vc_column_text] Gingival graft Gum tissue grafts are often a...\" \/>\n<meta property=\"og:url\" content=\"https:\/\/www.dentisteknight.ca\/en\/gum-care\/\" \/>\n<meta property=\"og:site_name\" content=\"Dentiste Knight\" \/>\n<meta property=\"article:modified_time\" content=\"2017-12-01T23:22:46+00:00\" \/>\n<meta property=\"og:image\" content=\"http:\/\/www.dentisteknight.ca\/wp-content\/uploads\/2017\/11\/gencives-1.jpg\" \/>\n<meta name=\"twitter:card\" content=\"summary_large_image\" \/>\n<meta name=\"twitter:label1\" content=\"Est. reading time\" \/>\n\t<meta name=\"twitter:data1\" content=\"1 minute\" \/>\n<script type=\"application\/ld+json\" class=\"yoast-schema-graph\">{\"@context\":\"https:\/\/schema.org\",\"@graph\":[{\"@type\":\"WebPage\",\"@id\":\"https:\/\/www.dentisteknight.ca\/en\/gum-care\/\",\"url\":\"https:\/\/www.dentisteknight.ca\/en\/gum-care\/\",\"name\":\"Gum care | Dentiste Knight\",\"isPartOf\":{\"@id\":\"https:\/\/www.dentisteknight.ca\/#website\"},\"datePublished\":\"2017-12-01T20:53:04+00:00\",\"dateModified\":\"2017-12-01T23:22:46+00:00\",\"breadcrumb\":{\"@id\":\"https:\/\/www.dentisteknight.ca\/en\/gum-care\/#breadcrumb\"},\"inLanguage\":\"en-US\",\"potentialAction\":[{\"@type\":\"ReadAction\",\"target\":[\"https:\/\/www.dentisteknight.ca\/en\/gum-care\/\"]}]},{\"@type\":\"BreadcrumbList\",\"@id\":\"https:\/\/www.dentisteknight.ca\/en\/gum-care\/#breadcrumb\",\"itemListElement\":[{\"@type\":\"ListItem\",\"position\":1,\"name\":\"Home\",\"item\":\"https:\/\/www.dentisteknight.ca\/en\/\"},{\"@type\":\"ListItem\",\"position\":2,\"name\":\"Gum care\"}]},{\"@type\":\"WebSite\",\"@id\":\"https:\/\/www.dentisteknight.ca\/#website\",\"url\":\"https:\/\/www.dentisteknight.ca\/\",\"name\":\"Dentiste Knight\",\"description\":\"Dentisterie g\u00e9n\u00e9rale et esth\u00e9tique au microscope\",\"potentialAction\":[{\"@type\":\"SearchAction\",\"target\":{\"@type\":\"EntryPoint\",\"urlTemplate\":\"https:\/\/www.dentisteknight.ca\/?s={search_term_string}\"},\"query-input\":\"required name=search_term_string\"}],\"inLanguage\":\"en-US\"}]}<\/script>\n<!-- \/ Yoast SEO plugin. -->","yoast_head_json":{"title":"Gum care | Dentiste Knight","robots":{"index":"index","follow":"follow","max-snippet":"max-snippet:-1","max-image-preview":"max-image-preview:large","max-video-preview":"max-video-preview:-1"},"canonical":"https:\/\/www.dentisteknight.ca\/en\/gum-care\/","og_locale":"en_US","og_type":"article","og_title":"Gum care | Dentiste Knight","og_description":"[vc_row css_animation=&#8221;&#8221; row_type=&#8221;row&#8221; use_row_as_full_screen_section=&#8221;no&#8221; type=&#8221;full_width&#8221; angled_section=&#8221;no&#8221; text_align=&#8221;left&#8221; video=&#8221;show_video&#8221; video_webm=&#8221;\/wp-content\/uploads\/2017\/12\/video-bg1.webm&#8221; video_mp4=&#8221;\/wp-content\/uploads\/2017\/12\/video-bg1.mp4&#8243; video_ogv=&#8221;\/wp-content\/uploads\/2017\/12\/video-bg1.ogv&#8221; video_image=&#8221;285&#8243; background_image_as_pattern=&#8221;without_pattern&#8221; el_class=&#8221;border-side single-bloc-alt&#8221;][vc_column el_class=&#8221;single-bloc-alt-top&#8221;][vc_column_text] Gum care [\/vc_column_text][\/vc_column][vc_column el_class=&#8221;single-bloc-alt-middle&#8221;][vc_column_text]Healthy gums provide stability for your teeth. Specific treatments may be necessary to maintain gum stability.[\/vc_column_text][\/vc_column][vc_column width=&#8221;1\/2&#8243; el_class=&#8221;single-bloc-alt-left&#8221;][vc_column_text] Gingival graft Gum tissue grafts are often a...","og_url":"https:\/\/www.dentisteknight.ca\/en\/gum-care\/","og_site_name":"Dentiste Knight","article_modified_time":"2017-12-01T23:22:46+00:00","og_image":[{"url":"http:\/\/www.dentisteknight.ca\/wp-content\/uploads\/2017\/11\/gencives-1.jpg"}],"twitter_card":"summary_large_image","twitter_misc":{"Est. reading time":"1 minute"},"schema":{"@context":"https:\/\/schema.org","@graph":[{"@type":"WebPage","@id":"https:\/\/www.dentisteknight.ca\/en\/gum-care\/","url":"https:\/\/www.dentisteknight.ca\/en\/gum-care\/","name":"Gum care | Dentiste Knight","isPartOf":{"@id":"https:\/\/www.dentisteknight.ca\/#website"},"datePublished":"2017-12-01T20:53:04+00:00","dateModified":"2017-12-01T23:22:46+00:00","breadcrumb":{"@id":"https:\/\/www.dentisteknight.ca\/en\/gum-care\/#breadcrumb"},"inLanguage":"en-US","potentialAction":[{"@type":"ReadAction","target":["https:\/\/www.dentisteknight.ca\/en\/gum-care\/"]}]},{"@type":"BreadcrumbList","@id":"https:\/\/www.dentisteknight.ca\/en\/gum-care\/#breadcrumb","itemListElement":[{"@type":"ListItem","position":1,"name":"Home","item":"https:\/\/www.dentisteknight.ca\/en\/"},{"@type":"ListItem","position":2,"name":"Gum care"}]},{"@type":"WebSite","@id":"https:\/\/www.dentisteknight.ca\/#website","url":"https:\/\/www.dentisteknight.ca\/","name":"Dentiste Knight","description":"Dentisterie g\u00e9n\u00e9rale et esth\u00e9tique au microscope","potentialAction":[{"@type":"SearchAction","target":{"@type":"EntryPoint","urlTemplate":"https:\/\/www.dentisteknight.ca\/?s={search_term_string}"},"query-input":"required name=search_term_string"}],"inLanguage":"en-US"}]}},"_links":{"self":[{"href":"https:\/\/www.dentisteknight.ca\/en\/wp-json\/wp\/v2\/pages\/242"}],"collection":[{"href":"https:\/\/www.dentisteknight.ca\/en\/wp-json\/wp\/v2\/pages"}],"about":[{"href":"https:\/\/www.dentisteknight.ca\/en\/wp-json\/wp\/v2\/types\/page"}],"author":[{"embeddable":true,"href":"https:\/\/www.dentisteknight.ca\/en\/wp-json\/wp\/v2\/users\/1"}],"replies":[{"embeddable":true,"href":"https:\/\/www.dentisteknight.ca\/en\/wp-json\/wp\/v2\/comments?post=242"}],"version-history":[{"count":2,"href":"https:\/\/www.dentisteknight.ca\/en\/wp-json\/wp\/v2\/pages\/242\/revisions"}],"predecessor-version":[{"id":317,"href":"https:\/\/www.dentisteknight.ca\/en\/wp-json\/wp\/v2\/pages\/242\/revisions\/317"}],"wp:attachment":[{"href":"https:\/\/www.dentisteknight.ca\/en\/wp-json\/wp\/v2\/media?parent=242"}],"curies":[{"name":"wp","href":"https:\/\/api.w.org\/{rel}","templated":true}]}}