{"id":247,"date":"2017-12-01T21:55:54","date_gmt":"2017-12-01T20:55:54","guid":{"rendered":"http:\/\/www.dentisteknight.ca\/?page_id=247"},"modified":"2017-12-04T16:06:32","modified_gmt":"2017-12-04T15:06:32","slug":"mouth-guards","status":"publish","type":"page","link":"https:\/\/www.dentisteknight.ca\/en\/mouth-guards\/","title":{"rendered":"Mouth guards"},"content":{"rendered":"<div class=\"wpb-content-wrapper\"><p>[vc_row css_animation=&#8221;&#8221; row_type=&#8221;row&#8221; use_row_as_full_screen_section=&#8221;no&#8221; type=&#8221;full_width&#8221; angled_section=&#8221;no&#8221; text_align=&#8221;left&#8221; video=&#8221;show_video&#8221; video_webm=&#8221;\/wp-content\/uploads\/2017\/12\/video-bg5.webm&#8221; video_mp4=&#8221;\/wp-content\/uploads\/2017\/12\/video-bg5.mp4&#8243; video_ogv=&#8221;\/wp-content\/uploads\/2017\/12\/video-bg5.ogv&#8221; video_image=&#8221;297&#8243; background_image_as_pattern=&#8221;without_pattern&#8221; el_class=&#8221;border-side single-bloc&#8221;][vc_column el_class=&#8221;single-bloc-top&#8221;][vc_column_text]<\/p>\n<h2>Mouth<br \/>\nguards<\/h2>\n<p>[\/vc_column_text][\/vc_column][vc_column width=&#8221;7\/12&#8243; el_class=&#8221;single-bloc-img single-bloc-height&#8221;][vc_single_image image=&#8221;85&#8243; img_size=&#8221;full&#8221; qode_css_animation=&#8221;&#8221;][\/vc_column][vc_column width=&#8221;5\/12&#8243; el_class=&#8221;single-bloc-text single-bloc-height&#8221; offset=&#8221;vc_col-lg-offset-1 vc_col-lg-4&#8243;][vc_column_text]<\/p>\n<h1>Mouth<br \/>\nguards<\/h1>\n<p>A sports mouth guard helps protect your teeth during contact sports. An impression of your mouth is taken to create a mouth guard that fits your teeth.[\/vc_column_text][\/vc_column][\/vc_row]<\/p>\n<\/div>","protected":false},"excerpt":{"rendered":"<p>[vc_row css_animation=&#8221;&#8221; row_type=&#8221;row&#8221; use_row_as_full_screen_section=&#8221;no&#8221; type=&#8221;full_width&#8221; angled_section=&#8221;no&#8221; text_align=&#8221;left&#8221; video=&#8221;show_video&#8221; video_webm=&#8221;\/wp-content\/uploads\/2017\/12\/video-bg5.webm&#8221; video_mp4=&#8221;\/wp-content\/uploads\/2017\/12\/video-bg5.mp4&#8243; video_ogv=&#8221;\/wp-content\/uploads\/2017\/12\/video-bg5.ogv&#8221; video_image=&#8221;297&#8243; background_image_as_pattern=&#8221;without_pattern&#8221; el_class=&#8221;border-side single-bloc&#8221;][vc_column el_class=&#8221;single-bloc-top&#8221;][vc_column_text] Mouth guards [\/vc_column_text][\/vc_column][vc_column width=&#8221;7\/12&#8243; el_class=&#8221;single-bloc-img single-bloc-height&#8221;][vc_single_image image=&#8221;85&#8243; img_size=&#8221;full&#8221; qode_css_animation=&#8221;&#8221;][\/vc_column][vc_column width=&#8221;5\/12&#8243; el_class=&#8221;single-bloc-text single-bloc-height&#8221; offset=&#8221;vc_col-lg-offset-1 vc_col-lg-4&#8243;][vc_column_text] Mouth guards A sports mouth guard helps protect your teeth during contact sports. An impression&#8230;<\/p>\n","protected":false},"author":1,"featured_media":0,"parent":0,"menu_order":0,"comment_status":"closed","ping_status":"closed","template":"full_width.php","meta":{"footnotes":""},"yoast_head":"<!-- This site is optimized with the Yoast SEO plugin v21.9.1 - https:\/\/yoast.com\/wordpress\/plugins\/seo\/ -->\n<title>Mouth guards | Dentiste Knight<\/title>\n<meta name=\"robots\" content=\"index, follow, max-snippet:-1, max-image-preview:large, max-video-preview:-1\" \/>\n<link rel=\"canonical\" href=\"https:\/\/www.dentisteknight.ca\/en\/mouth-guards\/\" \/>\n<meta property=\"og:locale\" content=\"en_US\" \/>\n<meta property=\"og:type\" content=\"article\" \/>\n<meta property=\"og:title\" content=\"Mouth guards | Dentiste Knight\" \/>\n<meta property=\"og:description\" content=\"[vc_row css_animation=&#8221;&#8221; row_type=&#8221;row&#8221; use_row_as_full_screen_section=&#8221;no&#8221; type=&#8221;full_width&#8221; angled_section=&#8221;no&#8221; text_align=&#8221;left&#8221; video=&#8221;show_video&#8221; video_webm=&#8221;\/wp-content\/uploads\/2017\/12\/video-bg5.webm&#8221; video_mp4=&#8221;\/wp-content\/uploads\/2017\/12\/video-bg5.mp4&#8243; video_ogv=&#8221;\/wp-content\/uploads\/2017\/12\/video-bg5.ogv&#8221; video_image=&#8221;297&#8243; background_image_as_pattern=&#8221;without_pattern&#8221; el_class=&#8221;border-side single-bloc&#8221;][vc_column el_class=&#8221;single-bloc-top&#8221;][vc_column_text] Mouth guards [\/vc_column_text][\/vc_column][vc_column width=&#8221;7\/12&#8243; el_class=&#8221;single-bloc-img single-bloc-height&#8221;][vc_single_image image=&#8221;85&#8243; img_size=&#8221;full&#8221; qode_css_animation=&#8221;&#8221;][\/vc_column][vc_column width=&#8221;5\/12&#8243; el_class=&#8221;single-bloc-text single-bloc-height&#8221; offset=&#8221;vc_col-lg-offset-1 vc_col-lg-4&#8243;][vc_column_text] Mouth guards A sports mouth guard helps protect your teeth during contact sports. An impression...\" \/>\n<meta property=\"og:url\" content=\"https:\/\/www.dentisteknight.ca\/en\/mouth-guards\/\" \/>\n<meta property=\"og:site_name\" content=\"Dentiste Knight\" \/>\n<meta property=\"article:modified_time\" content=\"2017-12-04T15:06:32+00:00\" \/>\n<meta property=\"og:image\" content=\"http:\/\/www.dentisteknight.ca\/wp-content\/uploads\/2017\/11\/slide1.jpg\" \/>\n<meta name=\"twitter:card\" content=\"summary_large_image\" \/>\n<meta name=\"twitter:label1\" content=\"Est. reading time\" \/>\n\t<meta name=\"twitter:data1\" content=\"1 minute\" \/>\n<script type=\"application\/ld+json\" class=\"yoast-schema-graph\">{\"@context\":\"https:\/\/schema.org\",\"@graph\":[{\"@type\":\"WebPage\",\"@id\":\"https:\/\/www.dentisteknight.ca\/en\/mouth-guards\/\",\"url\":\"https:\/\/www.dentisteknight.ca\/en\/mouth-guards\/\",\"name\":\"Mouth guards | Dentiste Knight\",\"isPartOf\":{\"@id\":\"https:\/\/www.dentisteknight.ca\/#website\"},\"datePublished\":\"2017-12-01T20:55:54+00:00\",\"dateModified\":\"2017-12-04T15:06:32+00:00\",\"breadcrumb\":{\"@id\":\"https:\/\/www.dentisteknight.ca\/en\/mouth-guards\/#breadcrumb\"},\"inLanguage\":\"en-US\",\"potentialAction\":[{\"@type\":\"ReadAction\",\"target\":[\"https:\/\/www.dentisteknight.ca\/en\/mouth-guards\/\"]}]},{\"@type\":\"BreadcrumbList\",\"@id\":\"https:\/\/www.dentisteknight.ca\/en\/mouth-guards\/#breadcrumb\",\"itemListElement\":[{\"@type\":\"ListItem\",\"position\":1,\"name\":\"Home\",\"item\":\"https:\/\/www.dentisteknight.ca\/en\/\"},{\"@type\":\"ListItem\",\"position\":2,\"name\":\"Mouth guards\"}]},{\"@type\":\"WebSite\",\"@id\":\"https:\/\/www.dentisteknight.ca\/#website\",\"url\":\"https:\/\/www.dentisteknight.ca\/\",\"name\":\"Dentiste Knight\",\"description\":\"Dentisterie g\u00e9n\u00e9rale et esth\u00e9tique au microscope\",\"potentialAction\":[{\"@type\":\"SearchAction\",\"target\":{\"@type\":\"EntryPoint\",\"urlTemplate\":\"https:\/\/www.dentisteknight.ca\/?s={search_term_string}\"},\"query-input\":\"required name=search_term_string\"}],\"inLanguage\":\"en-US\"}]}<\/script>\n<!-- \/ Yoast SEO plugin. -->","yoast_head_json":{"title":"Mouth guards | Dentiste Knight","robots":{"index":"index","follow":"follow","max-snippet":"max-snippet:-1","max-image-preview":"max-image-preview:large","max-video-preview":"max-video-preview:-1"},"canonical":"https:\/\/www.dentisteknight.ca\/en\/mouth-guards\/","og_locale":"en_US","og_type":"article","og_title":"Mouth guards | Dentiste Knight","og_description":"[vc_row css_animation=&#8221;&#8221; row_type=&#8221;row&#8221; use_row_as_full_screen_section=&#8221;no&#8221; type=&#8221;full_width&#8221; angled_section=&#8221;no&#8221; text_align=&#8221;left&#8221; video=&#8221;show_video&#8221; video_webm=&#8221;\/wp-content\/uploads\/2017\/12\/video-bg5.webm&#8221; video_mp4=&#8221;\/wp-content\/uploads\/2017\/12\/video-bg5.mp4&#8243; video_ogv=&#8221;\/wp-content\/uploads\/2017\/12\/video-bg5.ogv&#8221; video_image=&#8221;297&#8243; background_image_as_pattern=&#8221;without_pattern&#8221; el_class=&#8221;border-side single-bloc&#8221;][vc_column el_class=&#8221;single-bloc-top&#8221;][vc_column_text] Mouth guards [\/vc_column_text][\/vc_column][vc_column width=&#8221;7\/12&#8243; el_class=&#8221;single-bloc-img single-bloc-height&#8221;][vc_single_image image=&#8221;85&#8243; img_size=&#8221;full&#8221; qode_css_animation=&#8221;&#8221;][\/vc_column][vc_column width=&#8221;5\/12&#8243; el_class=&#8221;single-bloc-text single-bloc-height&#8221; offset=&#8221;vc_col-lg-offset-1 vc_col-lg-4&#8243;][vc_column_text] Mouth guards A sports mouth guard helps protect your teeth during contact sports. An impression...","og_url":"https:\/\/www.dentisteknight.ca\/en\/mouth-guards\/","og_site_name":"Dentiste Knight","article_modified_time":"2017-12-04T15:06:32+00:00","og_image":[{"url":"http:\/\/www.dentisteknight.ca\/wp-content\/uploads\/2017\/11\/slide1.jpg"}],"twitter_card":"summary_large_image","twitter_misc":{"Est. reading time":"1 minute"},"schema":{"@context":"https:\/\/schema.org","@graph":[{"@type":"WebPage","@id":"https:\/\/www.dentisteknight.ca\/en\/mouth-guards\/","url":"https:\/\/www.dentisteknight.ca\/en\/mouth-guards\/","name":"Mouth guards | Dentiste Knight","isPartOf":{"@id":"https:\/\/www.dentisteknight.ca\/#website"},"datePublished":"2017-12-01T20:55:54+00:00","dateModified":"2017-12-04T15:06:32+00:00","breadcrumb":{"@id":"https:\/\/www.dentisteknight.ca\/en\/mouth-guards\/#breadcrumb"},"inLanguage":"en-US","potentialAction":[{"@type":"ReadAction","target":["https:\/\/www.dentisteknight.ca\/en\/mouth-guards\/"]}]},{"@type":"BreadcrumbList","@id":"https:\/\/www.dentisteknight.ca\/en\/mouth-guards\/#breadcrumb","itemListElement":[{"@type":"ListItem","position":1,"name":"Home","item":"https:\/\/www.dentisteknight.ca\/en\/"},{"@type":"ListItem","position":2,"name":"Mouth guards"}]},{"@type":"WebSite","@id":"https:\/\/www.dentisteknight.ca\/#website","url":"https:\/\/www.dentisteknight.ca\/","name":"Dentiste Knight","description":"Dentisterie g\u00e9n\u00e9rale et esth\u00e9tique au microscope","potentialAction":[{"@type":"SearchAction","target":{"@type":"EntryPoint","urlTemplate":"https:\/\/www.dentisteknight.ca\/?s={search_term_string}"},"query-input":"required name=search_term_string"}],"inLanguage":"en-US"}]}},"_links":{"self":[{"href":"https:\/\/www.dentisteknight.ca\/en\/wp-json\/wp\/v2\/pages\/247"}],"collection":[{"href":"https:\/\/www.dentisteknight.ca\/en\/wp-json\/wp\/v2\/pages"}],"about":[{"href":"https:\/\/www.dentisteknight.ca\/en\/wp-json\/wp\/v2\/types\/page"}],"author":[{"embeddable":true,"href":"https:\/\/www.dentisteknight.ca\/en\/wp-json\/wp\/v2\/users\/1"}],"replies":[{"embeddable":true,"href":"https:\/\/www.dentisteknight.ca\/en\/wp-json\/wp\/v2\/comments?post=247"}],"version-history":[{"count":2,"href":"https:\/\/www.dentisteknight.ca\/en\/wp-json\/wp\/v2\/pages\/247\/revisions"}],"predecessor-version":[{"id":322,"href":"https:\/\/www.dentisteknight.ca\/en\/wp-json\/wp\/v2\/pages\/247\/revisions\/322"}],"wp:attachment":[{"href":"https:\/\/www.dentisteknight.ca\/en\/wp-json\/wp\/v2\/media?parent=247"}],"curies":[{"name":"wp","href":"https:\/\/api.w.org\/{rel}","templated":true}]}}